{"id":369,"date":"2023-02-20T22:15:04","date_gmt":"2023-02-21T03:15:04","guid":{"rendered":"https:\/\/lungmd.com\/?page_id=369"},"modified":"2023-08-03T09:43:17","modified_gmt":"2023-08-03T14:43:17","slug":"contacto","status":"publish","type":"page","link":"https:\/\/lungmd.com\/es\/contacto\/","title":{"rendered":"Contacto"},"content":{"rendered":"\t\t<div data-elementor-type=\"wp-page\" data-elementor-id=\"369\" class=\"elementor elementor-369\" data-elementor-post-type=\"page\">\n\t\t\t\t\t\t<section class=\"elementor-section elementor-top-section elementor-element elementor-element-9495e8c elementor-section-full_width elementor-section-stretched elementor-hidden-tablet elementor-hidden-mobile elementor-section-height-default elementor-section-height-default\" data-id=\"9495e8c\" data-element_type=\"section\" data-settings=\"{&quot;stretch_section&quot;:&quot;section-stretched&quot;}\">\n\t\t\t\t\t\t<div class=\"elementor-container elementor-column-gap-default\">\n\t\t\t\t\t<div class=\"elementor-column elementor-col-100 elementor-top-column elementor-element elementor-element-209bf66\" data-id=\"209bf66\" data-element_type=\"column\">\n\t\t\t<div class=\"elementor-widget-wrap elementor-element-populated\">\n\t\t\t\t\t\t<div class=\"elementor-element elementor-element-af7d159 elementor-widget elementor-widget-image\" data-id=\"af7d159\" data-element_type=\"widget\" data-widget_type=\"image.default\">\n\t\t\t\t<div class=\"elementor-widget-container\">\n\t\t\t\t\t\t\t\t\t\t\t\t\t<img fetchpriority=\"high\" decoding=\"async\" width=\"1949\" height=\"616\" src=\"https:\/\/lungmd.com\/wp-content\/uploads\/2023\/03\/banner-contacto-lungMD-escritorio-esp.jpg\" class=\"attachment-full size-full wp-image-593\" alt=\"\" srcset=\"https:\/\/lungmd.com\/wp-content\/uploads\/2023\/03\/banner-contacto-lungMD-escritorio-esp.jpg 1949w, https:\/\/lungmd.com\/wp-content\/uploads\/2023\/03\/banner-contacto-lungMD-escritorio-esp-300x95.jpg 300w, https:\/\/lungmd.com\/wp-content\/uploads\/2023\/03\/banner-contacto-lungMD-escritorio-esp-1024x324.jpg 1024w, https:\/\/lungmd.com\/wp-content\/uploads\/2023\/03\/banner-contacto-lungMD-escritorio-esp-768x243.jpg 768w, https:\/\/lungmd.com\/wp-content\/uploads\/2023\/03\/banner-contacto-lungMD-escritorio-esp-1536x485.jpg 1536w\" sizes=\"(max-width: 1949px) 100vw, 1949px\" \/>\t\t\t\t\t\t\t\t\t\t\t\t\t<\/div>\n\t\t\t\t<\/div>\n\t\t\t\t\t<\/div>\n\t\t<\/div>\n\t\t\t\t\t<\/div>\n\t\t<\/section>\n\t\t\t\t<section class=\"elementor-section elementor-top-section elementor-element elementor-element-da035b2 elementor-section-full_width elementor-section-stretched elementor-hidden-desktop elementor-section-height-default elementor-section-height-default\" data-id=\"da035b2\" data-element_type=\"section\" data-settings=\"{&quot;stretch_section&quot;:&quot;section-stretched&quot;}\">\n\t\t\t\t\t\t<div class=\"elementor-container elementor-column-gap-default\">\n\t\t\t\t\t<div class=\"elementor-column elementor-col-100 elementor-top-column elementor-element elementor-element-33774dd\" data-id=\"33774dd\" data-element_type=\"column\">\n\t\t\t<div class=\"elementor-widget-wrap elementor-element-populated\">\n\t\t\t\t\t\t<div class=\"elementor-element elementor-element-0652b3d elementor-widget elementor-widget-image\" data-id=\"0652b3d\" data-element_type=\"widget\" data-widget_type=\"image.default\">\n\t\t\t\t<div class=\"elementor-widget-container\">\n\t\t\t\t\t\t\t\t\t\t\t\t\t<img decoding=\"async\" width=\"800\" height=\"620\" src=\"https:\/\/lungmd.com\/wp-content\/uploads\/2023\/03\/banner-contacto-lungMD-mobile-esp.jpg\" class=\"attachment-full size-full wp-image-604\" alt=\"\" srcset=\"https:\/\/lungmd.com\/wp-content\/uploads\/2023\/03\/banner-contacto-lungMD-mobile-esp.jpg 800w, https:\/\/lungmd.com\/wp-content\/uploads\/2023\/03\/banner-contacto-lungMD-mobile-esp-300x233.jpg 300w, https:\/\/lungmd.com\/wp-content\/uploads\/2023\/03\/banner-contacto-lungMD-mobile-esp-768x595.jpg 768w\" sizes=\"(max-width: 800px) 100vw, 800px\" \/>\t\t\t\t\t\t\t\t\t\t\t\t\t<\/div>\n\t\t\t\t<\/div>\n\t\t\t\t\t<\/div>\n\t\t<\/div>\n\t\t\t\t\t<\/div>\n\t\t<\/section>\n\t\t\t\t<section class=\"elementor-section elementor-top-section elementor-element elementor-element-d70d605 elementor-section-content-bottom elementor-reverse-mobile elementor-section-boxed elementor-section-height-default elementor-section-height-default\" data-id=\"d70d605\" data-element_type=\"section\" data-settings=\"{&quot;background_background&quot;:&quot;classic&quot;}\">\n\t\t\t\t\t\t\t<div class=\"elementor-background-overlay\"><\/div>\n\t\t\t\t\t\t\t<div class=\"elementor-container elementor-column-gap-default\">\n\t\t\t\t\t<div class=\"elementor-column elementor-col-100 elementor-top-column elementor-element elementor-element-a55030f\" data-id=\"a55030f\" data-element_type=\"column\" data-settings=\"{&quot;animation&quot;:&quot;none&quot;}\">\n\t\t\t<div class=\"elementor-widget-wrap elementor-element-populated\">\n\t\t\t\t\t\t<div class=\"elementor-element elementor-element-c8c1026 elementor-invisible elementor-widget elementor-widget-heading\" data-id=\"c8c1026\" data-element_type=\"widget\" data-settings=\"{&quot;_animation&quot;:&quot;fadeInLeft&quot;}\" data-widget_type=\"heading.default\">\n\t\t\t\t<div class=\"elementor-widget-container\">\n\t\t\t<h3 class=\"elementor-heading-title elementor-size-default\">Somos expertos en Asma, EPOC, C\u00e1ncer de Pulm\u00f3n, Enfermedad Pulmonar Intersticial, Covid y Medicina del Sue\u00f1o. <br> <br> \u00a1Programa tu cita aqu\u00ed!<\/h3>\t\t<\/div>\n\t\t\t\t<\/div>\n\t\t\t\t<section class=\"elementor-section elementor-inner-section elementor-element elementor-element-9622107 elementor-section-content-middle elementor-section-boxed elementor-section-height-default elementor-section-height-default\" data-id=\"9622107\" data-element_type=\"section\">\n\t\t\t\t\t\t<div class=\"elementor-container elementor-column-gap-default\">\n\t\t\t\t\t<div class=\"elementor-column elementor-col-50 elementor-inner-column elementor-element elementor-element-6f74abf\" data-id=\"6f74abf\" data-element_type=\"column\">\n\t\t\t<div class=\"elementor-widget-wrap elementor-element-populated\">\n\t\t\t\t\t\t<div class=\"elementor-element elementor-element-db58c71 elementor-widget elementor-widget-image\" data-id=\"db58c71\" data-element_type=\"widget\" data-widget_type=\"image.default\">\n\t\t\t\t<div class=\"elementor-widget-container\">\n\t\t\t\t\t\t\t\t\t\t\t\t\t<img decoding=\"async\" width=\"342\" height=\"420\" src=\"https:\/\/lungmd.com\/wp-content\/uploads\/2023\/02\/Dr.Luis_.png\" class=\"attachment-full size-full wp-image-77\" alt=\"\" srcset=\"https:\/\/lungmd.com\/wp-content\/uploads\/2023\/02\/Dr.Luis_.png 342w, https:\/\/lungmd.com\/wp-content\/uploads\/2023\/02\/Dr.Luis_-244x300.png 244w\" sizes=\"(max-width: 342px) 100vw, 342px\" \/>\t\t\t\t\t\t\t\t\t\t\t\t\t<\/div>\n\t\t\t\t<\/div>\n\t\t\t\t\t<\/div>\n\t\t<\/div>\n\t\t\t\t<div class=\"elementor-column elementor-col-50 elementor-inner-column elementor-element elementor-element-595ac7e elementor-invisible\" data-id=\"595ac7e\" data-element_type=\"column\" data-settings=\"{&quot;animation&quot;:&quot;fadeInRight&quot;}\">\n\t\t\t<div class=\"elementor-widget-wrap elementor-element-populated\">\n\t\t\t\t\t\t<div class=\"elementor-element elementor-element-d4fde9a elementor-widget elementor-widget-heading\" data-id=\"d4fde9a\" data-element_type=\"widget\" data-widget_type=\"heading.default\">\n\t\t\t\t<div class=\"elementor-widget-container\">\n\t\t\t<p class=\"elementor-heading-title elementor-size-default\"><strong> Nos pondremos en contacto <\/strong> <br>  D\u00e9janos tus datos aqu\u00ed y responderemos\nlo m\u00e1s pronto posible.<\/p>\t\t<\/div>\n\t\t\t\t<\/div>\n\t\t\t\t<div class=\"elementor-element elementor-element-dc55519 elementor-button-align-center elementor-widget elementor-widget-global elementor-global-349 elementor-widget-form\" data-id=\"dc55519\" data-element_type=\"widget\" data-settings=\"{&quot;step_next_label&quot;:&quot;Next&quot;,&quot;step_previous_label&quot;:&quot;Previous&quot;,&quot;button_width&quot;:&quot;100&quot;,&quot;step_type&quot;:&quot;number_text&quot;,&quot;step_icon_shape&quot;:&quot;circle&quot;}\" data-widget_type=\"form.default\">\n\t\t\t\t<div class=\"elementor-widget-container\">\n\t\t\t\t\t<form class=\"elementor-form\" method=\"post\" name=\"Formulario citas \">\n\t\t\t<input type=\"hidden\" name=\"post_id\" value=\"369\"\/>\n\t\t\t<input type=\"hidden\" name=\"form_id\" value=\"dc55519\"\/>\n\t\t\t<input type=\"hidden\" name=\"referer_title\" value=\"LungMD\" \/>\n\n\t\t\t\n\t\t\t<div class=\"elementor-form-fields-wrapper elementor-labels-\">\n\t\t\t\t\t\t\t\t<div class=\"elementor-field-type-text elementor-field-group elementor-column elementor-field-group-name elementor-col-100 elementor-field-required\">\n\t\t\t\t\t\t\t\t\t\t\t\t<label for=\"form-field-name\" class=\"elementor-field-label elementor-screen-only\">\n\t\t\t\t\t\t\t\tNombre\t\t\t\t\t\t\t<\/label>\n\t\t\t\t\t\t\t\t\t\t\t\t\t\t<input size=\"1\" type=\"text\" name=\"form_fields[name]\" id=\"form-field-name\" class=\"elementor-field elementor-size-sm  elementor-field-textual\" placeholder=\"Nombre\" required=\"required\" aria-required=\"true\">\n\t\t\t\t\t\t\t\t\t\t\t<\/div>\n\t\t\t\t\t\t\t\t<div class=\"elementor-field-type-email elementor-field-group elementor-column elementor-field-group-email elementor-col-100 elementor-field-required\">\n\t\t\t\t\t\t\t\t\t\t\t\t<label for=\"form-field-email\" class=\"elementor-field-label elementor-screen-only\">\n\t\t\t\t\t\t\t\tEmail\t\t\t\t\t\t\t<\/label>\n\t\t\t\t\t\t\t\t\t\t\t\t\t\t<input size=\"1\" type=\"email\" name=\"form_fields[email]\" id=\"form-field-email\" class=\"elementor-field elementor-size-sm  elementor-field-textual\" placeholder=\"Email\" required=\"required\" aria-required=\"true\">\n\t\t\t\t\t\t\t\t\t\t\t<\/div>\n\t\t\t\t\t\t\t\t<div class=\"elementor-field-type-number elementor-field-group elementor-column elementor-field-group-field_9c34c67 elementor-col-100 elementor-field-required\">\n\t\t\t\t\t\t\t\t\t\t\t\t<label for=\"form-field-field_9c34c67\" class=\"elementor-field-label elementor-screen-only\">\n\t\t\t\t\t\t\t\tTel\u00e9fono\t\t\t\t\t\t\t<\/label>\n\t\t\t\t\t\t\t\t\t<input type=\"number\" name=\"form_fields[field_9c34c67]\" id=\"form-field-field_9c34c67\" class=\"elementor-field elementor-size-sm  elementor-field-textual\" placeholder=\"Tel\u00e9fono\" required=\"required\" aria-required=\"true\" min=\"\" max=\"\" >\n\t\t\t\t\t\t<\/div>\n\t\t\t\t\t\t\t\t<div class=\"elementor-field-type-acceptance elementor-field-group elementor-column elementor-field-group-field_24b1133 elementor-col-100 elementor-field-required\">\n\t\t\t\t\t\t\t<div class=\"elementor-field-subgroup\">\n\t\t\t<span class=\"elementor-field-option\">\n\t\t\t\t<input type=\"checkbox\" name=\"form_fields[field_24b1133]\" id=\"form-field-field_24b1133\" class=\"elementor-field elementor-size-sm  elementor-acceptance-field\" required=\"required\" aria-required=\"true\" checked=\"checked\">\n\t\t\t\t<label for=\"form-field-field_24b1133\">He le\u00eddo y acepto las pol\u00edticas de privacidad<\/label>\t\t\t<\/span>\n\t\t<\/div>\n\t\t\t\t\t\t<\/div>\n\t\t\t\t\t\t\t\t<div class=\"elementor-field-type-text\">\n\t\t\t\t\t<input size=\"1\" type=\"text\" name=\"form_fields[field_f238839]\" id=\"form-field-field_f238839\" class=\"elementor-field elementor-size-sm \" style=\"display:none !important;\">\t\t\t\t<\/div>\n\t\t\t\t\t\t\t\t<div class=\"elementor-field-group elementor-column elementor-field-type-submit elementor-col-100 e-form__buttons\">\n\t\t\t\t\t<button class=\"elementor-button elementor-size-sm\" type=\"submit\">\n\t\t\t\t\t\t<span class=\"elementor-button-content-wrapper\">\n\t\t\t\t\t\t\t\t\t\t\t\t\t\t\t\t\t\t\t\t\t\t<span class=\"elementor-button-text\">Enviar<\/span>\n\t\t\t\t\t\t\t\t\t\t\t\t\t<\/span>\n\t\t\t\t\t<\/button>\n\t\t\t\t<\/div>\n\t\t\t<\/div>\n\t\t<\/form>\n\t\t\t\t<\/div>\n\t\t\t\t<\/div>\n\t\t\t\t\t<\/div>\n\t\t<\/div>\n\t\t\t\t\t<\/div>\n\t\t<\/section>\n\t\t\t\t\t<\/div>\n\t\t<\/div>\n\t\t\t\t\t<\/div>\n\t\t<\/section>\n\t\t\t\t<\/div>\n\t\t","protected":false},"excerpt":{"rendered":"<p>Somos expertos en Asma, EPOC, C\u00e1ncer de Pulm\u00f3n, Enfermedad Pulmonar Intersticial, Covid y Medicina del Sue\u00f1o. \u00a1Programa tu cita aqu\u00ed! Nos pondremos en contacto D\u00e9janos tus datos aqu\u00ed y responderemos lo m\u00e1s pronto posible.<\/p>\n","protected":false},"author":5,"featured_media":0,"parent":0,"menu_order":0,"comment_status":"closed","ping_status":"closed","template":"","meta":{"_joinchat":[],"footnotes":""},"class_list":["post-369","page","type-page","status-publish","hentry"],"yoast_head":"<!-- This site is optimized with the Yoast SEO plugin v24.0 - https:\/\/yoast.com\/wordpress\/plugins\/seo\/ -->\n<title>Agenda tu cita aqu\u00ed - Contacto LungMD<\/title>\n<meta name=\"description\" content=\"Nosotros cuidamos de la salud de tus pulmones y la calidad de tu sue\u00f1o. Ingresa aqu\u00ed, cont\u00e1ctanos y agenda tu cita.\" \/>\n<meta name=\"robots\" content=\"index, follow, max-snippet:-1, max-image-preview:large, max-video-preview:-1\" \/>\n<link rel=\"canonical\" href=\"https:\/\/lungmd.com\/es\/contacto\/\" \/>\n<meta property=\"og:locale\" content=\"es_ES\" \/>\n<meta property=\"og:type\" content=\"article\" \/>\n<meta property=\"og:title\" content=\"Agenda tu cita aqu\u00ed - Contacto LungMD\" \/>\n<meta property=\"og:description\" content=\"Nosotros cuidamos de la salud de tus pulmones y la calidad de tu sue\u00f1o. Ingresa aqu\u00ed, cont\u00e1ctanos y agenda tu cita.\" \/>\n<meta property=\"og:url\" content=\"https:\/\/lungmd.com\/es\/contacto\/\" \/>\n<meta property=\"og:site_name\" content=\"LungMD\" \/>\n<meta property=\"article:modified_time\" content=\"2023-08-03T14:43:17+00:00\" \/>\n<meta property=\"og:image\" content=\"https:\/\/lungmd.com\/wp-content\/uploads\/2023\/03\/banner-contacto-lungMD-escritorio-esp.jpg\" \/>\n<meta name=\"twitter:card\" content=\"summary_large_image\" \/>\n<meta name=\"twitter:label1\" content=\"Tiempo de lectura\" \/>\n\t<meta name=\"twitter:data1\" content=\"1 minuto\" \/>\n<script type=\"application\/ld+json\" class=\"yoast-schema-graph\">{\"@context\":\"https:\/\/schema.org\",\"@graph\":[{\"@type\":\"WebPage\",\"@id\":\"https:\/\/lungmd.com\/es\/contacto\/\",\"url\":\"https:\/\/lungmd.com\/es\/contacto\/\",\"name\":\"Agenda tu cita aqu\u00ed - Contacto LungMD\",\"isPartOf\":{\"@id\":\"https:\/\/lungmd.com\/es\/#website\"},\"primaryImageOfPage\":{\"@id\":\"https:\/\/lungmd.com\/es\/contacto\/#primaryimage\"},\"image\":{\"@id\":\"https:\/\/lungmd.com\/es\/contacto\/#primaryimage\"},\"thumbnailUrl\":\"https:\/\/lungmd.com\/wp-content\/uploads\/2023\/03\/banner-contacto-lungMD-escritorio-esp.jpg\",\"datePublished\":\"2023-02-21T03:15:04+00:00\",\"dateModified\":\"2023-08-03T14:43:17+00:00\",\"description\":\"Nosotros cuidamos de la salud de tus pulmones y la calidad de tu sue\u00f1o. Ingresa aqu\u00ed, cont\u00e1ctanos y agenda tu cita.\",\"breadcrumb\":{\"@id\":\"https:\/\/lungmd.com\/es\/contacto\/#breadcrumb\"},\"inLanguage\":\"es\",\"potentialAction\":[{\"@type\":\"ReadAction\",\"target\":[\"https:\/\/lungmd.com\/es\/contacto\/\"]}]},{\"@type\":\"ImageObject\",\"inLanguage\":\"es\",\"@id\":\"https:\/\/lungmd.com\/es\/contacto\/#primaryimage\",\"url\":\"https:\/\/lungmd.com\/wp-content\/uploads\/2023\/03\/banner-contacto-lungMD-escritorio-esp.jpg\",\"contentUrl\":\"https:\/\/lungmd.com\/wp-content\/uploads\/2023\/03\/banner-contacto-lungMD-escritorio-esp.jpg\"},{\"@type\":\"BreadcrumbList\",\"@id\":\"https:\/\/lungmd.com\/es\/contacto\/#breadcrumb\",\"itemListElement\":[{\"@type\":\"ListItem\",\"position\":1,\"name\":\"Home\",\"item\":\"https:\/\/lungmd.com\/es\/\"},{\"@type\":\"ListItem\",\"position\":2,\"name\":\"Contacto\"}]},{\"@type\":\"WebSite\",\"@id\":\"https:\/\/lungmd.com\/es\/#website\",\"url\":\"https:\/\/lungmd.com\/es\/\",\"name\":\"LungMD\",\"description\":\"Lung Health portal\",\"publisher\":{\"@id\":\"https:\/\/lungmd.com\/es\/#organization\"},\"potentialAction\":[{\"@type\":\"SearchAction\",\"target\":{\"@type\":\"EntryPoint\",\"urlTemplate\":\"https:\/\/lungmd.com\/es\/?s={search_term_string}\"},\"query-input\":{\"@type\":\"PropertyValueSpecification\",\"valueRequired\":true,\"valueName\":\"search_term_string\"}}],\"inLanguage\":\"es\"},{\"@type\":\"Organization\",\"@id\":\"https:\/\/lungmd.com\/es\/#organization\",\"name\":\"LungMD\",\"url\":\"https:\/\/lungmd.com\/es\/\",\"logo\":{\"@type\":\"ImageObject\",\"inLanguage\":\"es\",\"@id\":\"https:\/\/lungmd.com\/es\/#\/schema\/logo\/image\/\",\"url\":\"https:\/\/lungmd.com\/wp-content\/uploads\/2023\/02\/logo-lung-md.png\",\"contentUrl\":\"https:\/\/lungmd.com\/wp-content\/uploads\/2023\/02\/logo-lung-md.png\",\"width\":263,\"height\":68,\"caption\":\"LungMD\"},\"image\":{\"@id\":\"https:\/\/lungmd.com\/es\/#\/schema\/logo\/image\/\"}}]}<\/script>\n<!-- \/ Yoast SEO plugin. -->","yoast_head_json":{"title":"Agenda tu cita aqu\u00ed - Contacto LungMD","description":"Nosotros cuidamos de la salud de tus pulmones y la calidad de tu sue\u00f1o. Ingresa aqu\u00ed, cont\u00e1ctanos y agenda tu cita.","robots":{"index":"index","follow":"follow","max-snippet":"max-snippet:-1","max-image-preview":"max-image-preview:large","max-video-preview":"max-video-preview:-1"},"canonical":"https:\/\/lungmd.com\/es\/contacto\/","og_locale":"es_ES","og_type":"article","og_title":"Agenda tu cita aqu\u00ed - Contacto LungMD","og_description":"Nosotros cuidamos de la salud de tus pulmones y la calidad de tu sue\u00f1o. Ingresa aqu\u00ed, cont\u00e1ctanos y agenda tu cita.","og_url":"https:\/\/lungmd.com\/es\/contacto\/","og_site_name":"LungMD","article_modified_time":"2023-08-03T14:43:17+00:00","og_image":[{"url":"https:\/\/lungmd.com\/wp-content\/uploads\/2023\/03\/banner-contacto-lungMD-escritorio-esp.jpg","type":"","width":"","height":""}],"twitter_card":"summary_large_image","twitter_misc":{"Tiempo de lectura":"1 minuto"},"schema":{"@context":"https:\/\/schema.org","@graph":[{"@type":"WebPage","@id":"https:\/\/lungmd.com\/es\/contacto\/","url":"https:\/\/lungmd.com\/es\/contacto\/","name":"Agenda tu cita aqu\u00ed - Contacto LungMD","isPartOf":{"@id":"https:\/\/lungmd.com\/es\/#website"},"primaryImageOfPage":{"@id":"https:\/\/lungmd.com\/es\/contacto\/#primaryimage"},"image":{"@id":"https:\/\/lungmd.com\/es\/contacto\/#primaryimage"},"thumbnailUrl":"https:\/\/lungmd.com\/wp-content\/uploads\/2023\/03\/banner-contacto-lungMD-escritorio-esp.jpg","datePublished":"2023-02-21T03:15:04+00:00","dateModified":"2023-08-03T14:43:17+00:00","description":"Nosotros cuidamos de la salud de tus pulmones y la calidad de tu sue\u00f1o. Ingresa aqu\u00ed, cont\u00e1ctanos y agenda tu cita.","breadcrumb":{"@id":"https:\/\/lungmd.com\/es\/contacto\/#breadcrumb"},"inLanguage":"es","potentialAction":[{"@type":"ReadAction","target":["https:\/\/lungmd.com\/es\/contacto\/"]}]},{"@type":"ImageObject","inLanguage":"es","@id":"https:\/\/lungmd.com\/es\/contacto\/#primaryimage","url":"https:\/\/lungmd.com\/wp-content\/uploads\/2023\/03\/banner-contacto-lungMD-escritorio-esp.jpg","contentUrl":"https:\/\/lungmd.com\/wp-content\/uploads\/2023\/03\/banner-contacto-lungMD-escritorio-esp.jpg"},{"@type":"BreadcrumbList","@id":"https:\/\/lungmd.com\/es\/contacto\/#breadcrumb","itemListElement":[{"@type":"ListItem","position":1,"name":"Home","item":"https:\/\/lungmd.com\/es\/"},{"@type":"ListItem","position":2,"name":"Contacto"}]},{"@type":"WebSite","@id":"https:\/\/lungmd.com\/es\/#website","url":"https:\/\/lungmd.com\/es\/","name":"LungMD","description":"Lung Health portal","publisher":{"@id":"https:\/\/lungmd.com\/es\/#organization"},"potentialAction":[{"@type":"SearchAction","target":{"@type":"EntryPoint","urlTemplate":"https:\/\/lungmd.com\/es\/?s={search_term_string}"},"query-input":{"@type":"PropertyValueSpecification","valueRequired":true,"valueName":"search_term_string"}}],"inLanguage":"es"},{"@type":"Organization","@id":"https:\/\/lungmd.com\/es\/#organization","name":"LungMD","url":"https:\/\/lungmd.com\/es\/","logo":{"@type":"ImageObject","inLanguage":"es","@id":"https:\/\/lungmd.com\/es\/#\/schema\/logo\/image\/","url":"https:\/\/lungmd.com\/wp-content\/uploads\/2023\/02\/logo-lung-md.png","contentUrl":"https:\/\/lungmd.com\/wp-content\/uploads\/2023\/02\/logo-lung-md.png","width":263,"height":68,"caption":"LungMD"},"image":{"@id":"https:\/\/lungmd.com\/es\/#\/schema\/logo\/image\/"}}]}},"_links":{"self":[{"href":"https:\/\/lungmd.com\/es\/wp-json\/wp\/v2\/pages\/369","targetHints":{"allow":["GET"]}}],"collection":[{"href":"https:\/\/lungmd.com\/es\/wp-json\/wp\/v2\/pages"}],"about":[{"href":"https:\/\/lungmd.com\/es\/wp-json\/wp\/v2\/types\/page"}],"author":[{"embeddable":true,"href":"https:\/\/lungmd.com\/es\/wp-json\/wp\/v2\/users\/5"}],"replies":[{"embeddable":true,"href":"https:\/\/lungmd.com\/es\/wp-json\/wp\/v2\/comments?post=369"}],"version-history":[{"count":20,"href":"https:\/\/lungmd.com\/es\/wp-json\/wp\/v2\/pages\/369\/revisions"}],"predecessor-version":[{"id":2133,"href":"https:\/\/lungmd.com\/es\/wp-json\/wp\/v2\/pages\/369\/revisions\/2133"}],"wp:attachment":[{"href":"https:\/\/lungmd.com\/es\/wp-json\/wp\/v2\/media?parent=369"}],"curies":[{"name":"wp","href":"https:\/\/api.w.org\/{rel}","templated":true}]}}